{"id":15,"date":"2019-03-08T14:48:13","date_gmt":"2019-03-08T14:48:13","guid":{"rendered":"http:\/\/compuline.com.mx\/chipolo\/?page_id=15"},"modified":"2019-04-06T12:21:01","modified_gmt":"2019-04-06T18:21:01","slug":"productos","status":"publish","type":"page","link":"https:\/\/compuline.com.mx\/chipolo\/productos\/","title":{"rendered":"Productos"},"content":{"rendered":"\n<div class=\"wp-block-columns has-3-columns is-layout-flex wp-container-core-columns-is-layout-9d6595d7 wp-block-columns-is-layout-flex\">\n<div class=\"wp-block-column is-layout-flow wp-block-column-is-layout-flow\">\n<figure class=\"wp-block-image\"><img loading=\"lazy\" decoding=\"async\" width=\"1024\" height=\"570\" src=\"http:\/\/compuline.com.mx\/chipolo\/wp-content\/uploads\/2019\/04\/page.products.chipoloClassic-1024x570.jpg\" alt=\"\" class=\"wp-image-133\" srcset=\"https:\/\/compuline.com.mx\/chipolo\/wp-content\/uploads\/2019\/04\/page.products.chipoloClassic-1024x570.jpg 1024w, https:\/\/compuline.com.mx\/chipolo\/wp-content\/uploads\/2019\/04\/page.products.chipoloClassic-300x167.jpg 300w, https:\/\/compuline.com.mx\/chipolo\/wp-content\/uploads\/2019\/04\/page.products.chipoloClassic-768x428.jpg 768w, https:\/\/compuline.com.mx\/chipolo\/wp-content\/uploads\/2019\/04\/page.products.chipoloClassic.jpg 1200w\" sizes=\"auto, (max-width: 1024px) 100vw, 1024px\" \/><\/figure>\n\n\n\n<p style=\"text-align:left\" class=\"has-text-color has-small-font-size has-vivid-cyan-blue-color\"><strong>EL M\u00c1S POPULAR<\/strong><\/p>\n\n\n\n<p class=\"has-medium-font-size\"><strong>Chipolo CLASSIC\ufeff<\/strong><\/p>\n\n\n\n<p>\n\nUna versi\u00f3n mejorada de nuestro popular modelo anterior, para aquellos que prefieren una bater\u00eda reemplazable. Ahora disponible en seis colores vibrantes. \n\n<\/p>\n\n\n\n<div class=\"wp-block-button aligncenter is-style-default\"><a class=\"wp-block-button__link has-text-color has-very-light-gray-color has-background has-vivid-green-cyan-background-color\" href=\"https:\/\/tienda.compuline.com.mx\/product\/chipolo-clasico\/\">Comprar<\/a><\/div>\n<\/div>\n\n\n\n<div class=\"wp-block-column is-layout-flow wp-block-column-is-layout-flow\">\n<figure class=\"wp-block-image\"><img loading=\"lazy\" decoding=\"async\" width=\"1024\" height=\"570\" src=\"http:\/\/compuline.com.mx\/chipolo\/wp-content\/uploads\/2019\/04\/page.products.chipoloCard2-1024x570.jpg\" alt=\"\" class=\"wp-image-179\" srcset=\"https:\/\/compuline.com.mx\/chipolo\/wp-content\/uploads\/2019\/04\/page.products.chipoloCard2-1024x570.jpg 1024w, https:\/\/compuline.com.mx\/chipolo\/wp-content\/uploads\/2019\/04\/page.products.chipoloCard2-300x167.jpg 300w, https:\/\/compuline.com.mx\/chipolo\/wp-content\/uploads\/2019\/04\/page.products.chipoloCard2-768x428.jpg 768w, https:\/\/compuline.com.mx\/chipolo\/wp-content\/uploads\/2019\/04\/page.products.chipoloCard2.jpg 1200w\" sizes=\"auto, (max-width: 1024px) 100vw, 1024px\" \/><\/figure>\n\n\n\n<p class=\"has-text-color has-small-font-size has-vivid-cyan-blue-color\"><strong>M\u00c1S DELGADO &#8211; 2.15 MM <\/strong><\/p>\n\n\n\n<p class=\"has-medium-font-size\"><strong>Chipolo CARD<\/strong><\/p>\n\n\n\n<p>\n\nUna versi\u00f3n mejorada de nuestro popular modelo anterior, para aquellos que prefieren una bater\u00eda reemplazable. Ahora disponible en seis colores vibrantes.\n\n<\/p>\n\n\n\n<div class=\"wp-block-button aligncenter\"><a class=\"wp-block-button__link has-text-color has-very-light-gray-color has-background has-vivid-green-cyan-background-color\" href=\"https:\/\/tienda.compuline.com.mx\/product\/chipolo-card\/\">Comprar<\/a><\/div>\n<\/div>\n\n\n\n<div class=\"wp-block-column is-layout-flow wp-block-column-is-layout-flow\">\n<figure class=\"wp-block-image\"><img loading=\"lazy\" decoding=\"async\" width=\"1024\" height=\"570\" src=\"http:\/\/compuline.com.mx\/chipolo\/wp-content\/uploads\/2019\/04\/page.products.chipoloPlus-1024x570.jpg\" alt=\"\" class=\"wp-image-136\" srcset=\"https:\/\/compuline.com.mx\/chipolo\/wp-content\/uploads\/2019\/04\/page.products.chipoloPlus-1024x570.jpg 1024w, https:\/\/compuline.com.mx\/chipolo\/wp-content\/uploads\/2019\/04\/page.products.chipoloPlus-300x167.jpg 300w, https:\/\/compuline.com.mx\/chipolo\/wp-content\/uploads\/2019\/04\/page.products.chipoloPlus-768x428.jpg 768w, https:\/\/compuline.com.mx\/chipolo\/wp-content\/uploads\/2019\/04\/page.products.chipoloPlus.jpg 1200w\" sizes=\"auto, (max-width: 1024px) 100vw, 1024px\" \/><\/figure>\n\n\n\n<p class=\"has-text-color has-small-font-size has-vivid-cyan-blue-color\"><strong>RESISTENTE AL AGUA<\/strong><\/p>\n\n\n\n<p class=\"has-medium-font-size\"><strong>Chipolo PLUS\ufeff<\/strong><\/p>\n\n\n\n<p> El Chipolo resistente al agua y con mayor intensidad de volumen. Viene disponible en seis colores modernos, con opciones de renovaci\u00f3n con descuento. <\/p>\n\n\n\n<div class=\"wp-block-button aligncenter\"><a class=\"wp-block-button__link has-text-color has-very-light-gray-color has-background has-vivid-green-cyan-background-color\" href=\"https:\/\/tienda.compuline.com.mx\/product\/chipolo-plus\/\">Comprar<\/a><\/div>\n<\/div>\n<\/div>\n\n\n\n<div style=\"height:100px\" aria-hidden=\"true\" class=\"wp-block-spacer\"><\/div>\n\n\n\n<hr class=\"wp-block-separator is-style-wide\"\/>\n\n\n\n<div class=\"wp-block-columns has-3-columns is-layout-flex wp-container-core-columns-is-layout-9d6595d7 wp-block-columns-is-layout-flex\">\n<div class=\"wp-block-column is-layout-flow wp-block-column-is-layout-flow\">\n<div class=\"wp-block-image\"><figure class=\"aligncenter\"><img loading=\"lazy\" decoding=\"async\" width=\"92\" height=\"92\" src=\"http:\/\/compuline.com.mx\/chipolo\/wp-content\/uploads\/2019\/04\/Adjuntar.png\" alt=\"\" class=\"wp-image-137\"\/><\/figure><\/div>\n\n\n\n<p style=\"text-align:center\"><strong>PONLE<\/strong><\/p>\n\n\n\n<p style=\"text-align:center\">Chipolo a cualquier cosa que no quieras. Con\u00e9ctalo a la aplicaci\u00f3n gratuita de Chipolo.<\/p>\n<\/div>\n\n\n\n<div class=\"wp-block-column is-layout-flow wp-block-column-is-layout-flow\">\n<div class=\"wp-block-image\"><figure class=\"aligncenter\"><img loading=\"lazy\" decoding=\"async\" width=\"92\" height=\"92\" src=\"http:\/\/compuline.com.mx\/chipolo\/wp-content\/uploads\/2019\/04\/sonar.png\" alt=\"\" class=\"wp-image-138\"\/><\/figure><\/div>\n\n\n\n<p style=\"text-align:center\"><strong>TIMBRA<\/strong><\/p>\n\n\n\n<p style=\"text-align:center\">\n\nChipolo desde la aplicaci\u00f3n o presiona dos veces para que suene tu tel\u00e9fono. Incluso si est\u00e1 en silencio.\n\n<\/p>\n<\/div>\n\n\n\n<div class=\"wp-block-column is-layout-flow wp-block-column-is-layout-flow\">\n<div class=\"wp-block-image\"><figure class=\"aligncenter\"><img loading=\"lazy\" decoding=\"async\" width=\"92\" height=\"92\" src=\"http:\/\/compuline.com.mx\/chipolo\/wp-content\/uploads\/2019\/04\/buscar2.png\" alt=\"\" class=\"wp-image-139\"\/><\/figure><\/div>\n\n\n\n<p style=\"text-align:center\"><strong>ENCUENTRA<\/strong><\/p>\n\n\n\n<p style=\"text-align:center\">\n\nTus objetos perdidos. La aplicaci\u00f3n recuerda c\u00faando y d\u00f3nde los tuviste por \u00faltima vez.\n\n<\/p>\n<\/div>\n<\/div>\n","protected":false},"excerpt":{"rendered":"<p>EL M\u00c1S POPULAR Chipolo CLASSIC\ufeff Una versi\u00f3n mejorada de nuestro popular modelo anterior, para aquellos que prefieren una bater\u00eda reemplazable. Ahora disponible en seis colores vibrantes. M\u00c1S DELGADO &#8211; 2.15 MM Chipolo CARD Una versi\u00f3n mejorada de nuestro popular modelo anterior, para aquellos que prefieren una bater\u00eda reemplazable. Ahora disponible en seis colores vibrantes. RESISTENTE&hellip;&nbsp;<a href=\"https:\/\/compuline.com.mx\/chipolo\/productos\/\" class=\"\" rel=\"bookmark\">Leer m\u00e1s &raquo;<span class=\"screen-reader-text\">Productos<\/span><\/a><\/p>\n","protected":false},"author":1,"featured_media":0,"parent":0,"menu_order":0,"comment_status":"closed","ping_status":"closed","template":"page-templates\/template-pagebuilder-full-width.php","meta":{"footnotes":""},"class_list":["post-15","page","type-page","status-publish","hentry"],"yoast_head":"<!-- This site is optimized with the Yoast SEO plugin v24.2 - https:\/\/yoast.com\/wordpress\/plugins\/seo\/ -->\n<title>Productos - Chipolo<\/title>\n<meta name=\"robots\" content=\"index, follow, max-snippet:-1, max-image-preview:large, max-video-preview:-1\" \/>\n<link rel=\"canonical\" href=\"https:\/\/compuline.com.mx\/chipolo\/productos\/\" \/>\n<meta property=\"og:locale\" content=\"es_MX\" \/>\n<meta property=\"og:type\" content=\"article\" \/>\n<meta property=\"og:title\" content=\"Productos - Chipolo\" \/>\n<meta property=\"og:description\" content=\"EL M\u00c1S POPULAR Chipolo CLASSIC\ufeff Una versi\u00f3n mejorada de nuestro popular modelo anterior, para aquellos que prefieren una bater\u00eda reemplazable. Ahora disponible en seis colores vibrantes. M\u00c1S DELGADO &#8211; 2.15 MM Chipolo CARD Una versi\u00f3n mejorada de nuestro popular modelo anterior, para aquellos que prefieren una bater\u00eda reemplazable. Ahora disponible en seis colores vibrantes. RESISTENTE&hellip;&nbsp;Leer m\u00e1s &raquo;Productos\" \/>\n<meta property=\"og:url\" content=\"https:\/\/compuline.com.mx\/chipolo\/productos\/\" \/>\n<meta property=\"og:site_name\" content=\"Chipolo\" \/>\n<meta property=\"article:modified_time\" content=\"2019-04-06T18:21:01+00:00\" \/>\n<meta property=\"og:image\" content=\"http:\/\/compuline.com.mx\/chipolo\/wp-content\/uploads\/2019\/04\/page.products.chipoloClassic-1024x570.jpg\" \/>\n<meta name=\"twitter:card\" content=\"summary_large_image\" \/>\n<meta name=\"twitter:label1\" content=\"Tiempo de lectura\" \/>\n\t<meta name=\"twitter:data1\" content=\"1 minuto\" \/>\n<script type=\"application\/ld+json\" class=\"yoast-schema-graph\">{\"@context\":\"https:\/\/schema.org\",\"@graph\":[{\"@type\":\"WebPage\",\"@id\":\"https:\/\/compuline.com.mx\/chipolo\/productos\/\",\"url\":\"https:\/\/compuline.com.mx\/chipolo\/productos\/\",\"name\":\"Productos - Chipolo\",\"isPartOf\":{\"@id\":\"http:\/\/compuline.com.mx\/chipolo\/#website\"},\"primaryImageOfPage\":{\"@id\":\"https:\/\/compuline.com.mx\/chipolo\/productos\/#primaryimage\"},\"image\":{\"@id\":\"https:\/\/compuline.com.mx\/chipolo\/productos\/#primaryimage\"},\"thumbnailUrl\":\"http:\/\/compuline.com.mx\/chipolo\/wp-content\/uploads\/2019\/04\/page.products.chipoloClassic-1024x570.jpg\",\"datePublished\":\"2019-03-08T14:48:13+00:00\",\"dateModified\":\"2019-04-06T18:21:01+00:00\",\"breadcrumb\":{\"@id\":\"https:\/\/compuline.com.mx\/chipolo\/productos\/#breadcrumb\"},\"inLanguage\":\"es\",\"potentialAction\":[{\"@type\":\"ReadAction\",\"target\":[\"https:\/\/compuline.com.mx\/chipolo\/productos\/\"]}]},{\"@type\":\"ImageObject\",\"inLanguage\":\"es\",\"@id\":\"https:\/\/compuline.com.mx\/chipolo\/productos\/#primaryimage\",\"url\":\"https:\/\/compuline.com.mx\/chipolo\/wp-content\/uploads\/2019\/04\/page.products.chipoloClassic.jpg\",\"contentUrl\":\"https:\/\/compuline.com.mx\/chipolo\/wp-content\/uploads\/2019\/04\/page.products.chipoloClassic.jpg\",\"width\":1200,\"height\":668},{\"@type\":\"BreadcrumbList\",\"@id\":\"https:\/\/compuline.com.mx\/chipolo\/productos\/#breadcrumb\",\"itemListElement\":[{\"@type\":\"ListItem\",\"position\":1,\"name\":\"Inicio\",\"item\":\"http:\/\/compuline.com.mx\/chipolo\/\"},{\"@type\":\"ListItem\",\"position\":2,\"name\":\"Productos\"}]},{\"@type\":\"WebSite\",\"@id\":\"http:\/\/compuline.com.mx\/chipolo\/#website\",\"url\":\"http:\/\/compuline.com.mx\/chipolo\/\",\"name\":\"Chipolo\",\"description\":\"La forma inteligente de buscar objetos perdidos\",\"publisher\":{\"@id\":\"http:\/\/compuline.com.mx\/chipolo\/#organization\"},\"potentialAction\":[{\"@type\":\"SearchAction\",\"target\":{\"@type\":\"EntryPoint\",\"urlTemplate\":\"http:\/\/compuline.com.mx\/chipolo\/?s={search_term_string}\"},\"query-input\":{\"@type\":\"PropertyValueSpecification\",\"valueRequired\":true,\"valueName\":\"search_term_string\"}}],\"inLanguage\":\"es\"},{\"@type\":\"Organization\",\"@id\":\"http:\/\/compuline.com.mx\/chipolo\/#organization\",\"name\":\"Chipolo\",\"url\":\"http:\/\/compuline.com.mx\/chipolo\/\",\"logo\":{\"@type\":\"ImageObject\",\"inLanguage\":\"es\",\"@id\":\"http:\/\/compuline.com.mx\/chipolo\/#\/schema\/logo\/image\/\",\"url\":\"https:\/\/compuline.com.mx\/chipolo\/wp-content\/uploads\/2019\/04\/cropped-logo3.png\",\"contentUrl\":\"https:\/\/compuline.com.mx\/chipolo\/wp-content\/uploads\/2019\/04\/cropped-logo3.png\",\"width\":200,\"height\":78,\"caption\":\"Chipolo\"},\"image\":{\"@id\":\"http:\/\/compuline.com.mx\/chipolo\/#\/schema\/logo\/image\/\"}}]}<\/script>\n<!-- \/ Yoast SEO plugin. -->","yoast_head_json":{"title":"Productos - Chipolo","robots":{"index":"index","follow":"follow","max-snippet":"max-snippet:-1","max-image-preview":"max-image-preview:large","max-video-preview":"max-video-preview:-1"},"canonical":"https:\/\/compuline.com.mx\/chipolo\/productos\/","og_locale":"es_MX","og_type":"article","og_title":"Productos - Chipolo","og_description":"EL M\u00c1S POPULAR Chipolo CLASSIC\ufeff Una versi\u00f3n mejorada de nuestro popular modelo anterior, para aquellos que prefieren una bater\u00eda reemplazable. Ahora disponible en seis colores vibrantes. M\u00c1S DELGADO &#8211; 2.15 MM Chipolo CARD Una versi\u00f3n mejorada de nuestro popular modelo anterior, para aquellos que prefieren una bater\u00eda reemplazable. Ahora disponible en seis colores vibrantes. RESISTENTE&hellip;&nbsp;Leer m\u00e1s &raquo;Productos","og_url":"https:\/\/compuline.com.mx\/chipolo\/productos\/","og_site_name":"Chipolo","article_modified_time":"2019-04-06T18:21:01+00:00","og_image":[{"url":"http:\/\/compuline.com.mx\/chipolo\/wp-content\/uploads\/2019\/04\/page.products.chipoloClassic-1024x570.jpg","type":"","width":"","height":""}],"twitter_card":"summary_large_image","twitter_misc":{"Tiempo de lectura":"1 minuto"},"schema":{"@context":"https:\/\/schema.org","@graph":[{"@type":"WebPage","@id":"https:\/\/compuline.com.mx\/chipolo\/productos\/","url":"https:\/\/compuline.com.mx\/chipolo\/productos\/","name":"Productos - Chipolo","isPartOf":{"@id":"http:\/\/compuline.com.mx\/chipolo\/#website"},"primaryImageOfPage":{"@id":"https:\/\/compuline.com.mx\/chipolo\/productos\/#primaryimage"},"image":{"@id":"https:\/\/compuline.com.mx\/chipolo\/productos\/#primaryimage"},"thumbnailUrl":"http:\/\/compuline.com.mx\/chipolo\/wp-content\/uploads\/2019\/04\/page.products.chipoloClassic-1024x570.jpg","datePublished":"2019-03-08T14:48:13+00:00","dateModified":"2019-04-06T18:21:01+00:00","breadcrumb":{"@id":"https:\/\/compuline.com.mx\/chipolo\/productos\/#breadcrumb"},"inLanguage":"es","potentialAction":[{"@type":"ReadAction","target":["https:\/\/compuline.com.mx\/chipolo\/productos\/"]}]},{"@type":"ImageObject","inLanguage":"es","@id":"https:\/\/compuline.com.mx\/chipolo\/productos\/#primaryimage","url":"https:\/\/compuline.com.mx\/chipolo\/wp-content\/uploads\/2019\/04\/page.products.chipoloClassic.jpg","contentUrl":"https:\/\/compuline.com.mx\/chipolo\/wp-content\/uploads\/2019\/04\/page.products.chipoloClassic.jpg","width":1200,"height":668},{"@type":"BreadcrumbList","@id":"https:\/\/compuline.com.mx\/chipolo\/productos\/#breadcrumb","itemListElement":[{"@type":"ListItem","position":1,"name":"Inicio","item":"http:\/\/compuline.com.mx\/chipolo\/"},{"@type":"ListItem","position":2,"name":"Productos"}]},{"@type":"WebSite","@id":"http:\/\/compuline.com.mx\/chipolo\/#website","url":"http:\/\/compuline.com.mx\/chipolo\/","name":"Chipolo","description":"La forma inteligente de buscar objetos perdidos","publisher":{"@id":"http:\/\/compuline.com.mx\/chipolo\/#organization"},"potentialAction":[{"@type":"SearchAction","target":{"@type":"EntryPoint","urlTemplate":"http:\/\/compuline.com.mx\/chipolo\/?s={search_term_string}"},"query-input":{"@type":"PropertyValueSpecification","valueRequired":true,"valueName":"search_term_string"}}],"inLanguage":"es"},{"@type":"Organization","@id":"http:\/\/compuline.com.mx\/chipolo\/#organization","name":"Chipolo","url":"http:\/\/compuline.com.mx\/chipolo\/","logo":{"@type":"ImageObject","inLanguage":"es","@id":"http:\/\/compuline.com.mx\/chipolo\/#\/schema\/logo\/image\/","url":"https:\/\/compuline.com.mx\/chipolo\/wp-content\/uploads\/2019\/04\/cropped-logo3.png","contentUrl":"https:\/\/compuline.com.mx\/chipolo\/wp-content\/uploads\/2019\/04\/cropped-logo3.png","width":200,"height":78,"caption":"Chipolo"},"image":{"@id":"http:\/\/compuline.com.mx\/chipolo\/#\/schema\/logo\/image\/"}}]}},"_links":{"self":[{"href":"https:\/\/compuline.com.mx\/chipolo\/wp-json\/wp\/v2\/pages\/15","targetHints":{"allow":["GET"]}}],"collection":[{"href":"https:\/\/compuline.com.mx\/chipolo\/wp-json\/wp\/v2\/pages"}],"about":[{"href":"https:\/\/compuline.com.mx\/chipolo\/wp-json\/wp\/v2\/types\/page"}],"author":[{"embeddable":true,"href":"https:\/\/compuline.com.mx\/chipolo\/wp-json\/wp\/v2\/users\/1"}],"replies":[{"embeddable":true,"href":"https:\/\/compuline.com.mx\/chipolo\/wp-json\/wp\/v2\/comments?post=15"}],"version-history":[{"count":21,"href":"https:\/\/compuline.com.mx\/chipolo\/wp-json\/wp\/v2\/pages\/15\/revisions"}],"predecessor-version":[{"id":251,"href":"https:\/\/compuline.com.mx\/chipolo\/wp-json\/wp\/v2\/pages\/15\/revisions\/251"}],"wp:attachment":[{"href":"https:\/\/compuline.com.mx\/chipolo\/wp-json\/wp\/v2\/media?parent=15"}],"curies":[{"name":"wp","href":"https:\/\/api.w.org\/{rel}","templated":true}]}}